{"id":253,"date":"2025-04-04T10:43:50","date_gmt":"2025-04-04T14:43:50","guid":{"rendered":"https:\/\/quminex.com\/?page_id=253"},"modified":"2026-03-04T12:24:05","modified_gmt":"2026-03-04T16:24:05","slug":"about","status":"publish","type":"page","link":"https:\/\/quminex.com\/fr\/about\/","title":{"rendered":"\u00c0 propos de"},"content":{"rendered":"<div class=\"kb-row-layout-wrap kb-row-layout-id253_ea8023-c2 alignfull kt-row-has-bg wp-block-kadence-rowlayout\"><div class=\"kt-row-layout-overlay kt-row-overlay-normal\"><\/div><div class=\"kt-row-layout-top-sep kt-row-sep-type-threelevels\"><svg viewbox=\"0 0 1000 100\" preserveaspectratio=\"none\"><path style=\"opacity: 0.33\" d=\"M0 95L1000 0v100H0v-5z\"><\/path><path style=\"opacity: 0.66\" d=\"M0 95l1000-67.944V100H0v-5z\"><\/path><path d=\"M0 95l1000-40.887V100H0v-5z\"><\/path><\/svg><\/div><div class=\"kt-row-layout-bottom-sep kt-row-sep-type-ctdi\"><svg viewbox=\"0 0 1000 100\" preserveaspectratio=\"none\"><path d=\"M500,2l500,78l0,20l-1000,0l0,-20l500,-78Z\" style=\"opacity: 0.4\" \/><path d=\"M500,2l500,98l-1000,0l500,-98Z\" \/><\/svg><\/div><div class=\"kt-row-column-wrap kt-has-2-columns kt-row-layout-left-golden kt-tab-layout-inherit kt-mobile-layout-row kt-row-valign-top kb-theme-content-width\">\n\n<div class=\"wp-block-kadence-column kadence-column253_89b88b-de inner-column-1\"><div class=\"kt-inside-inner-col\">\n<h1 class=\"kt-adv-heading253_f4e988-aa wp-block-kadence-advancedheading has-theme-palette-9-color has-text-color\" data-kb-block=\"kb-adv-heading253_f4e988-aa\">La d\u00e9couverte par l'innovation<br><\/h1>\n<\/div><\/div>\n\n\n\n<div class=\"wp-block-kadence-column kadence-column253_b4096d-aa inner-column-2\"><div class=\"kt-inside-inner-col\"><\/div><\/div>\n\n<\/div><\/div>\n\n<div class=\"kb-row-layout-wrap kb-row-layout-id253_10404d-57 alignfull has-theme-palette9-background-color kt-row-has-bg wp-block-kadence-rowlayout\"><div class=\"kt-row-column-wrap kt-has-2-columns kt-row-layout-equal kt-tab-layout-row kt-mobile-layout-row kt-row-valign-middle kb-theme-content-width\">\n\n<div class=\"wp-block-kadence-column kadence-column253_e02933-62 inner-column-1\"><div class=\"kt-inside-inner-col\">\n<div class=\"kt-adv-heading253_99a667-ba wp-block-kadence-advancedheading has-theme-palette-1-color has-text-color\" data-kb-block=\"kb-adv-heading253_99a667-ba\">Red\u00e9finir la d\u00e9couverte <\/div>\n\n\n\n<h3 class=\"kt-adv-heading253_8c8bdf-f7 wp-block-kadence-advancedheading has-theme-palette-3-color has-text-color\" data-kb-block=\"kb-adv-heading253_8c8bdf-f7\">Qui sommes-nous<\/h3>\n\n\n\n<h6 class=\"kt-adv-heading253_21f559-62 wp-block-kadence-advancedheading\" data-kb-block=\"kb-adv-heading253_21f559-62\">Faster Discovery. Sustainable Impact.<\/h6>\n\n\n\n<p class=\"kt-adv-heading253_a4dc89-f7 wp-block-kadence-advancedheading has-input-field-color has-text-color\" data-kb-block=\"kb-adv-heading253_a4dc89-f7\">At Quminex, we\u2019re harnessing the power of machine learning to pioneer a new era of mineral exploration. Our approach integrates advanced technologies with expert geoscience insights to uncover hidden opportunities. We gather and analyze multi-dimensional data sets, generate predictive models, and validate potential ore deposits to create strategic opportunities for our partners. We develop the most accurate algorithms in order to minimize the exploration search space, reducing both uncertainty and environmental impact while accelerating discovery in a responsible manner.<\/p>\n<\/div><\/div>\n\n\n\n<div class=\"wp-block-kadence-column kadence-column253_ef4b86-23\"><div class=\"kt-inside-inner-col\">\n<figure class=\"wp-block-image size-large\"><img loading=\"lazy\" decoding=\"async\" width=\"1024\" height=\"707\" src=\"https:\/\/quminex.com\/wp-content\/uploads\/2025\/04\/pexels-frans-van-heerden-201846-688891-1024x707.jpg\" alt=\"\" class=\"wp-image-624\" style=\"aspect-ratio:9\/16;object-fit:cover\" srcset=\"https:\/\/quminex.com\/wp-content\/uploads\/2025\/04\/pexels-frans-van-heerden-201846-688891-1024x707.jpg 1024w, https:\/\/quminex.com\/wp-content\/uploads\/2025\/04\/pexels-frans-van-heerden-201846-688891-300x207.jpg 300w, https:\/\/quminex.com\/wp-content\/uploads\/2025\/04\/pexels-frans-van-heerden-201846-688891-768x530.jpg 768w, https:\/\/quminex.com\/wp-content\/uploads\/2025\/04\/pexels-frans-van-heerden-201846-688891-1536x1060.jpg 1536w, https:\/\/quminex.com\/wp-content\/uploads\/2025\/04\/pexels-frans-van-heerden-201846-688891.jpg 1565w\" sizes=\"auto, (max-width: 1024px) 100vw, 1024px\" \/><\/figure>\n<\/div><\/div>\n\n<\/div><\/div>\n\n<div class=\"kb-row-layout-wrap kb-row-layout-id253_fd8379-3e alignfull has-theme-palette9-background-color kt-row-has-bg wp-block-kadence-rowlayout\"><div class=\"kt-row-column-wrap kt-has-2-columns kt-row-layout-equal kt-tab-layout-row kt-mobile-layout-row kt-row-valign-middle kb-theme-content-width\">\n\n<div class=\"wp-block-kadence-column kadence-column253_9d4684-09\"><div class=\"kt-inside-inner-col\">\n<figure class=\"wp-block-image size-large\"><img loading=\"lazy\" decoding=\"async\" width=\"819\" height=\"1024\" src=\"https:\/\/quminex.com\/wp-content\/uploads\/2025\/04\/pexels-ethan-sees-1319959-2853432-819x1024.jpg\" alt=\"\" class=\"wp-image-728\" style=\"aspect-ratio:9\/16;object-fit:cover\" srcset=\"https:\/\/quminex.com\/wp-content\/uploads\/2025\/04\/pexels-ethan-sees-1319959-2853432-819x1024.jpg 819w, https:\/\/quminex.com\/wp-content\/uploads\/2025\/04\/pexels-ethan-sees-1319959-2853432-240x300.jpg 240w, https:\/\/quminex.com\/wp-content\/uploads\/2025\/04\/pexels-ethan-sees-1319959-2853432-768x960.jpg 768w, https:\/\/quminex.com\/wp-content\/uploads\/2025\/04\/pexels-ethan-sees-1319959-2853432-1229x1536.jpg 1229w, https:\/\/quminex.com\/wp-content\/uploads\/2025\/04\/pexels-ethan-sees-1319959-2853432-1638x2048.jpg 1638w, https:\/\/quminex.com\/wp-content\/uploads\/2025\/04\/pexels-ethan-sees-1319959-2853432.jpg 1999w\" sizes=\"auto, (max-width: 819px) 100vw, 819px\" \/><\/figure>\n<\/div><\/div>\n\n\n\n<div class=\"wp-block-kadence-column kadence-column253_23944d-a5 inner-column-2\"><div class=\"kt-inside-inner-col\">\n<div class=\"kt-adv-heading253_8c4ecc-f5 wp-block-kadence-advancedheading has-theme-palette-1-color has-text-color\" data-kb-block=\"kb-adv-heading253_8c4ecc-f5\">Exploration plus intelligente<\/div>\n\n\n\n<h3 class=\"kt-adv-heading253_5ad681-eb wp-block-kadence-advancedheading has-theme-palette-3-color has-text-color\" data-kb-block=\"kb-adv-heading253_5ad681-eb\">Ce qu'on fait<\/h3>\n\n\n\n<h6 class=\"kt-adv-heading253_3c53af-b8 wp-block-kadence-advancedheading\" data-kb-block=\"kb-adv-heading253_3c53af-b8\">Powering the Future of Minerals <\/h6>\n\n\n\n<p class=\"kt-adv-heading253_99e83e-c8 wp-block-kadence-advancedheading has-input-field-color has-text-color\" data-kb-block=\"kb-adv-heading253_99e83e-c8\">Quminex transforme les donn\u00e9es complexes d'exploration min\u00e9rale en opportunit\u00e9s pr\u00e9cieuses. Notre approche avanc\u00e9e offre de nouvelles perspectives et permet d\u2019identifier les gisements de minerai plus efficacement. En tant que seule entreprise de son genre ayant des racines canadiennes, Quminex est particuli\u00e8rement bien plac\u00e9e pour soutenir la strat\u00e9gie nationale du Canada en mati\u00e8re de ressources tout en contribuant \u00e0 un approvisionnement en m\u00e9taux s\u00e9curitaire et durable pour l\u2019avenir. En vous associant \u00e0 nous, vous acqu\u00e9rez de nouvelles perspectives, acc\u00e9l\u00e9rez la d\u00e9couverte de min\u00e9raux et renforcez la s\u00e9curit\u00e9 des ressources, que ce soit pour le Canada ou le march\u00e9 mondial.<\/p>\n<\/div><\/div>\n\n<\/div><\/div>\n\n<div class=\"kb-row-layout-wrap kb-row-layout-id253_2774d5-19 alignfull has-theme-palette9-background-color kt-row-has-bg wp-block-kadence-rowlayout\"><div class=\"kt-row-column-wrap kt-has-1-columns kt-row-layout-equal kt-tab-layout-inherit kt-mobile-layout-row kt-row-valign-top kb-theme-content-width\">\n\n<div class=\"wp-block-kadence-column kadence-column253_a95844-65 inner-column-1\"><div class=\"kt-inside-inner-col\"><\/div><\/div>\n\n<\/div><\/div>\n\n<div class=\"kb-row-layout-wrap kb-row-layout-id253_52969a-89 alignfull kt-row-has-bg wp-block-kadence-rowlayout\"><div class=\"kt-row-layout-bottom-sep kt-row-sep-type-ct\"><svg viewbox=\"0 0 1000 100\" preserveaspectratio=\"none\"><path d=\"M1000,0l-500,98l-500,-98l0,100l1000,0l0,-100Z\" \/><\/svg><\/div><div class=\"kt-row-column-wrap kt-has-1-columns kt-row-layout-equal kt-tab-layout-inherit kt-mobile-layout-row kt-row-valign-top kb-theme-content-width\">\n\n<div class=\"wp-block-kadence-column kadence-column253_1aa541-cf inner-column-1\"><div class=\"kt-inside-inner-col\">\n<h2 class=\"kt-adv-heading253_6cfbfb-bc wp-block-kadence-advancedheading\" data-kb-block=\"kb-adv-heading253_6cfbfb-bc\">Favoriser la s\u00e9curit\u00e9 des ressources et l\u2019innovation au pays et \u00e0 l\u2019\u00e9tranger.<\/h2>\n\n\n\n<div class=\"wp-block-kadence-iconlist kt-svg-icon-list-items kt-svg-icon-list-items253_f8514a-62 kt-svg-icon-list-columns-1 alignnone\"><ul class=\"kt-svg-icon-list\">\n<li class=\"wp-block-kadence-listitem kt-svg-icon-list-item-wrap kt-svg-icon-list-item-253_c4290b-89\"><span class=\"kb-svg-icon-wrap kb-svg-icon-fe_aperture kt-svg-icon-list-single\"><svg viewbox=\"0 0 24 24\"  fill=\"none\" stroke=\"currentColor\" stroke-width=\"2\" stroke-linecap=\"round\" stroke-linejoin=\"round\" xmlns=\"http:\/\/www.w3.org\/2000\/svg\"  aria-hidden=\"true\"><circle cx=\"12\" cy=\"12\" r=\"10\"\/><line x1=\"14.31\" y1=\"8\" x2=\"20.05\" y2=\"17.94\"\/><line x1=\"9.69\" y1=\"8\" x2=\"21.17\" y2=\"8\"\/><line x1=\"7.38\" y1=\"12\" x2=\"13.12\" y2=\"2.06\"\/><line x1=\"9.69\" y1=\"16\" x2=\"3.95\" y2=\"6.06\"\/><line x1=\"14.31\" y1=\"16\" x2=\"2.83\" y2=\"16\"\/><line x1=\"16.62\" y1=\"12\" x2=\"10.88\" y2=\"21.94\"\/><\/svg><\/span><span class=\"kt-svg-icon-list-text\">\u00c9tablir une base solide au Canada tout en b\u00e2tissant une expansion mondiale.<\/span><\/li>\n\n\n\n<li class=\"wp-block-kadence-listitem kt-svg-icon-list-item-wrap kt-svg-icon-list-item-253_9d6014-f1\"><span class=\"kb-svg-icon-wrap kb-svg-icon-fe_aperture kt-svg-icon-list-single\"><svg viewbox=\"0 0 24 24\"  fill=\"none\" stroke=\"currentColor\" stroke-width=\"2\" stroke-linecap=\"round\" stroke-linejoin=\"round\" xmlns=\"http:\/\/www.w3.org\/2000\/svg\"  aria-hidden=\"true\"><circle cx=\"12\" cy=\"12\" r=\"10\"\/><line x1=\"14.31\" y1=\"8\" x2=\"20.05\" y2=\"17.94\"\/><line x1=\"9.69\" y1=\"8\" x2=\"21.17\" y2=\"8\"\/><line x1=\"7.38\" y1=\"12\" x2=\"13.12\" y2=\"2.06\"\/><line x1=\"9.69\" y1=\"16\" x2=\"3.95\" y2=\"6.06\"\/><line x1=\"14.31\" y1=\"16\" x2=\"2.83\" y2=\"16\"\/><line x1=\"16.62\" y1=\"12\" x2=\"10.88\" y2=\"21.94\"\/><\/svg><\/span><span class=\"kt-svg-icon-list-text\">Soutenir le d\u00e9veloppement responsable des ressources pour renforcer les cha\u00eenes d\u2019approvisionnement et la croissance \u00e9conomique.<\/span><\/li>\n\n\n\n<li class=\"wp-block-kadence-listitem kt-svg-icon-list-item-wrap kt-svg-icon-list-item-253_44e80c-3c\"><span class=\"kb-svg-icon-wrap kb-svg-icon-fe_aperture kt-svg-icon-list-single\"><svg viewbox=\"0 0 24 24\"  fill=\"none\" stroke=\"currentColor\" stroke-width=\"2\" stroke-linecap=\"round\" stroke-linejoin=\"round\" xmlns=\"http:\/\/www.w3.org\/2000\/svg\"  aria-hidden=\"true\"><circle cx=\"12\" cy=\"12\" r=\"10\"\/><line x1=\"14.31\" y1=\"8\" x2=\"20.05\" y2=\"17.94\"\/><line x1=\"9.69\" y1=\"8\" x2=\"21.17\" y2=\"8\"\/><line x1=\"7.38\" y1=\"12\" x2=\"13.12\" y2=\"2.06\"\/><line x1=\"9.69\" y1=\"16\" x2=\"3.95\" y2=\"6.06\"\/><line x1=\"14.31\" y1=\"16\" x2=\"2.83\" y2=\"16\"\/><line x1=\"16.62\" y1=\"12\" x2=\"10.88\" y2=\"21.94\"\/><\/svg><\/span><span class=\"kt-svg-icon-list-text\">S'aligner sur les priorit\u00e9s strat\u00e9giques de l'industrie et du gouvernement pour am\u00e9liorer la s\u00e9curit\u00e9 des ressources et le leadership technologique.<\/span><\/li>\n<\/ul><\/div>\n\n\n<div class=\"kb-row-layout-wrap kb-row-layout-id253_f0c0d4-3d alignnone wp-block-kadence-rowlayout\"><div class=\"kt-row-column-wrap kt-has-1-columns kt-row-layout-equal kt-tab-layout-inherit kt-mobile-layout-row kt-row-valign-top\">\n\n<div class=\"wp-block-kadence-column kadence-column253_a283f1-6b\"><div class=\"kt-inside-inner-col\"><\/div><\/div>\n\n<\/div><\/div><\/div><\/div>\n\n<\/div><\/div>\n\n<div class=\"kb-row-layout-wrap kb-row-layout-id253_337511-bb alignfull has-foreground-background-color kt-row-has-bg wp-block-kadence-rowlayout\"><div class=\"kt-row-column-wrap kt-has-1-columns kt-row-layout-equal kt-tab-layout-inherit kt-mobile-layout-row kt-row-valign-top\">\n\n<div class=\"wp-block-kadence-column kadence-column253_45dd80-44\"><div class=\"kt-inside-inner-col\"><div class=\"kb-row-layout-wrap kb-row-layout-id253_0e4b9b-7d alignnone wp-block-kadence-rowlayout\"><div class=\"kt-row-column-wrap kt-has-2-columns kt-row-layout-equal kt-tab-layout-row kt-mobile-layout-row kt-row-valign-top\">\n\n<div class=\"wp-block-kadence-column kadence-column253_a9ee0d-48\"><div class=\"kt-inside-inner-col\">\n<figure class=\"wp-block-kadence-image kb-image253_bcaed5-fd size-full kb-image-is-ratio-size\"><div class=\"kb-is-ratio-image kb-image-ratio-land32\"><img loading=\"lazy\" decoding=\"async\" width=\"1024\" height=\"1024\" src=\"https:\/\/quminex.com\/wp-content\/uploads\/2025\/04\/1b87d86d-9bf5-4fc3-9257-ec73a1feba5d-1.jpg\" alt=\"\" class=\"kb-img wp-image-481\" srcset=\"https:\/\/quminex.com\/wp-content\/uploads\/2025\/04\/1b87d86d-9bf5-4fc3-9257-ec73a1feba5d-1.jpg 1024w, https:\/\/quminex.com\/wp-content\/uploads\/2025\/04\/1b87d86d-9bf5-4fc3-9257-ec73a1feba5d-1-300x300.jpg 300w, https:\/\/quminex.com\/wp-content\/uploads\/2025\/04\/1b87d86d-9bf5-4fc3-9257-ec73a1feba5d-1-150x150.jpg 150w, https:\/\/quminex.com\/wp-content\/uploads\/2025\/04\/1b87d86d-9bf5-4fc3-9257-ec73a1feba5d-1-768x768.jpg 768w\" sizes=\"auto, (max-width: 1024px) 100vw, 1024px\" \/><\/div><\/figure>\n<\/div><\/div>\n\n\n\n<div class=\"wp-block-kadence-column kadence-column253_a1ffd4-24\"><div class=\"kt-inside-inner-col\">\n<h2 class=\"kt-adv-heading253_daccd0-db wp-block-kadence-advancedheading has-theme-palette-3-color has-text-color\" data-kb-block=\"kb-adv-heading253_daccd0-db\"><em>\u201cAt Quminex, we&#8217;re harnessing the power of machine learning to pioneer a new era of mineral exploration.\u201d<\/em><\/h2>\n<\/div><\/div>\n\n<\/div><\/div><\/div><\/div>\n\n<\/div><\/div>\n\n\n<p><\/p>","protected":false},"excerpt":{"rendered":"<p>Discovery through Innovation Redefining Discovery Who we are Faster Discovery. Sustainable Impact. At Quminex, we\u2019re harnessing the power of machine learning to pioneer a new era of mineral exploration. Our approach integrates advanced technologies with expert geoscience insights to uncover hidden opportunities. We gather and analyze multi-dimensional data sets, generate predictive models, and validate potential [&hellip;]<\/p>\n","protected":false},"author":1,"featured_media":0,"parent":0,"menu_order":0,"comment_status":"closed","ping_status":"closed","template":"page-no-title","meta":{"footnotes":""},"class_list":["post-253","page","type-page","status-publish","hentry"],"yoast_head":"<!-- This site is optimized with the Yoast SEO plugin v27.4 - https:\/\/yoast.com\/product\/yoast-seo-wordpress\/ -->\n<title>About - Quminex<\/title>\n<meta name=\"robots\" content=\"index, follow, max-snippet:-1, max-image-preview:large, max-video-preview:-1\" \/>\n<link rel=\"canonical\" href=\"https:\/\/quminex.com\/fr\/about\/\" \/>\n<meta property=\"og:locale\" content=\"fr_FR\" \/>\n<meta property=\"og:type\" content=\"article\" \/>\n<meta property=\"og:title\" content=\"About - Quminex\" \/>\n<meta property=\"og:description\" content=\"Discovery through Innovation Redefining Discovery Who we are Faster Discovery. Sustainable Impact. At Quminex, we\u2019re harnessing the power of machine learning to pioneer a new era of mineral exploration. Our approach integrates advanced technologies with expert geoscience insights to uncover hidden opportunities. We gather and analyze multi-dimensional data sets, generate predictive models, and validate potential [&hellip;]\" \/>\n<meta property=\"og:url\" content=\"https:\/\/quminex.com\/fr\/about\/\" \/>\n<meta property=\"og:site_name\" content=\"Quminex\" \/>\n<meta property=\"article:modified_time\" content=\"2026-03-04T16:24:05+00:00\" \/>\n<meta property=\"og:image\" content=\"https:\/\/quminex.com\/wp-content\/uploads\/2025\/04\/pexels-frans-van-heerden-201846-688891.jpg\" \/>\n\t<meta property=\"og:image:width\" content=\"1565\" \/>\n\t<meta property=\"og:image:height\" content=\"1080\" \/>\n\t<meta property=\"og:image:type\" content=\"image\/jpeg\" \/>\n<meta name=\"twitter:card\" content=\"summary_large_image\" \/>\n<meta name=\"twitter:label1\" content=\"Dur\u00e9e de lecture estim\u00e9e\" \/>\n\t<meta name=\"twitter:data1\" content=\"2 minutes\" \/>\n<script type=\"application\/ld+json\" class=\"yoast-schema-graph\">{\"@context\":\"https:\\\/\\\/schema.org\",\"@graph\":[{\"@type\":\"WebPage\",\"@id\":\"https:\\\/\\\/quminex.com\\\/about\\\/\",\"url\":\"https:\\\/\\\/quminex.com\\\/about\\\/\",\"name\":\"About - Quminex\",\"isPartOf\":{\"@id\":\"https:\\\/\\\/quminex.com\\\/#website\"},\"primaryImageOfPage\":{\"@id\":\"https:\\\/\\\/quminex.com\\\/about\\\/#primaryimage\"},\"image\":{\"@id\":\"https:\\\/\\\/quminex.com\\\/about\\\/#primaryimage\"},\"thumbnailUrl\":\"https:\\\/\\\/quminex.com\\\/wp-content\\\/uploads\\\/2025\\\/04\\\/pexels-frans-van-heerden-201846-688891-1024x707.jpg\",\"datePublished\":\"2025-04-04T14:43:50+00:00\",\"dateModified\":\"2026-03-04T16:24:05+00:00\",\"breadcrumb\":{\"@id\":\"https:\\\/\\\/quminex.com\\\/about\\\/#breadcrumb\"},\"inLanguage\":\"fr-FR\",\"potentialAction\":[{\"@type\":\"ReadAction\",\"target\":[\"https:\\\/\\\/quminex.com\\\/about\\\/\"]}]},{\"@type\":\"ImageObject\",\"inLanguage\":\"fr-FR\",\"@id\":\"https:\\\/\\\/quminex.com\\\/about\\\/#primaryimage\",\"url\":\"https:\\\/\\\/quminex.com\\\/wp-content\\\/uploads\\\/2025\\\/04\\\/pexels-frans-van-heerden-201846-688891-1024x707.jpg\",\"contentUrl\":\"https:\\\/\\\/quminex.com\\\/wp-content\\\/uploads\\\/2025\\\/04\\\/pexels-frans-van-heerden-201846-688891-1024x707.jpg\"},{\"@type\":\"BreadcrumbList\",\"@id\":\"https:\\\/\\\/quminex.com\\\/about\\\/#breadcrumb\",\"itemListElement\":[{\"@type\":\"ListItem\",\"position\":1,\"name\":\"Home\",\"item\":\"https:\\\/\\\/quminex.com\\\/\"},{\"@type\":\"ListItem\",\"position\":2,\"name\":\"About\"}]},{\"@type\":\"WebSite\",\"@id\":\"https:\\\/\\\/quminex.com\\\/#website\",\"url\":\"https:\\\/\\\/quminex.com\\\/\",\"name\":\"Quminex\",\"description\":\"shaping the future of global metal supply\",\"publisher\":{\"@id\":\"https:\\\/\\\/quminex.com\\\/#organization\"},\"potentialAction\":[{\"@type\":\"SearchAction\",\"target\":{\"@type\":\"EntryPoint\",\"urlTemplate\":\"https:\\\/\\\/quminex.com\\\/?s={search_term_string}\"},\"query-input\":{\"@type\":\"PropertyValueSpecification\",\"valueRequired\":true,\"valueName\":\"search_term_string\"}}],\"inLanguage\":\"fr-FR\"},{\"@type\":\"Organization\",\"@id\":\"https:\\\/\\\/quminex.com\\\/#organization\",\"name\":\"QUMINEX\",\"url\":\"https:\\\/\\\/quminex.com\\\/\",\"logo\":{\"@type\":\"ImageObject\",\"inLanguage\":\"fr-FR\",\"@id\":\"https:\\\/\\\/quminex.com\\\/#\\\/schema\\\/logo\\\/image\\\/\",\"url\":\"https:\\\/\\\/quminex.com\\\/wp-content\\\/uploads\\\/2026\\\/01\\\/Open_Graph.jpg\",\"contentUrl\":\"https:\\\/\\\/quminex.com\\\/wp-content\\\/uploads\\\/2026\\\/01\\\/Open_Graph.jpg\",\"width\":1200,\"height\":630,\"caption\":\"QUMINEX\"},\"image\":{\"@id\":\"https:\\\/\\\/quminex.com\\\/#\\\/schema\\\/logo\\\/image\\\/\"}}]}<\/script>\n<!-- \/ Yoast SEO plugin. -->","yoast_head_json":{"title":"About - Quminex","robots":{"index":"index","follow":"follow","max-snippet":"max-snippet:-1","max-image-preview":"max-image-preview:large","max-video-preview":"max-video-preview:-1"},"canonical":"https:\/\/quminex.com\/fr\/about\/","og_locale":"fr_FR","og_type":"article","og_title":"About - Quminex","og_description":"Discovery through Innovation Redefining Discovery Who we are Faster Discovery. Sustainable Impact. At Quminex, we\u2019re harnessing the power of machine learning to pioneer a new era of mineral exploration. Our approach integrates advanced technologies with expert geoscience insights to uncover hidden opportunities. We gather and analyze multi-dimensional data sets, generate predictive models, and validate potential [&hellip;]","og_url":"https:\/\/quminex.com\/fr\/about\/","og_site_name":"Quminex","article_modified_time":"2026-03-04T16:24:05+00:00","og_image":[{"width":1565,"height":1080,"url":"https:\/\/quminex.com\/wp-content\/uploads\/2025\/04\/pexels-frans-van-heerden-201846-688891.jpg","type":"image\/jpeg"}],"twitter_card":"summary_large_image","twitter_misc":{"Dur\u00e9e de lecture estim\u00e9e":"2 minutes"},"schema":{"@context":"https:\/\/schema.org","@graph":[{"@type":"WebPage","@id":"https:\/\/quminex.com\/about\/","url":"https:\/\/quminex.com\/about\/","name":"About - Quminex","isPartOf":{"@id":"https:\/\/quminex.com\/#website"},"primaryImageOfPage":{"@id":"https:\/\/quminex.com\/about\/#primaryimage"},"image":{"@id":"https:\/\/quminex.com\/about\/#primaryimage"},"thumbnailUrl":"https:\/\/quminex.com\/wp-content\/uploads\/2025\/04\/pexels-frans-van-heerden-201846-688891-1024x707.jpg","datePublished":"2025-04-04T14:43:50+00:00","dateModified":"2026-03-04T16:24:05+00:00","breadcrumb":{"@id":"https:\/\/quminex.com\/about\/#breadcrumb"},"inLanguage":"fr-FR","potentialAction":[{"@type":"ReadAction","target":["https:\/\/quminex.com\/about\/"]}]},{"@type":"ImageObject","inLanguage":"fr-FR","@id":"https:\/\/quminex.com\/about\/#primaryimage","url":"https:\/\/quminex.com\/wp-content\/uploads\/2025\/04\/pexels-frans-van-heerden-201846-688891-1024x707.jpg","contentUrl":"https:\/\/quminex.com\/wp-content\/uploads\/2025\/04\/pexels-frans-van-heerden-201846-688891-1024x707.jpg"},{"@type":"BreadcrumbList","@id":"https:\/\/quminex.com\/about\/#breadcrumb","itemListElement":[{"@type":"ListItem","position":1,"name":"Home","item":"https:\/\/quminex.com\/"},{"@type":"ListItem","position":2,"name":"About"}]},{"@type":"WebSite","@id":"https:\/\/quminex.com\/#website","url":"https:\/\/quminex.com\/","name":"Quminex","description":"shaping the future of global metal supply","publisher":{"@id":"https:\/\/quminex.com\/#organization"},"potentialAction":[{"@type":"SearchAction","target":{"@type":"EntryPoint","urlTemplate":"https:\/\/quminex.com\/?s={search_term_string}"},"query-input":{"@type":"PropertyValueSpecification","valueRequired":true,"valueName":"search_term_string"}}],"inLanguage":"fr-FR"},{"@type":"Organization","@id":"https:\/\/quminex.com\/#organization","name":"QUMINEX","url":"https:\/\/quminex.com\/","logo":{"@type":"ImageObject","inLanguage":"fr-FR","@id":"https:\/\/quminex.com\/#\/schema\/logo\/image\/","url":"https:\/\/quminex.com\/wp-content\/uploads\/2026\/01\/Open_Graph.jpg","contentUrl":"https:\/\/quminex.com\/wp-content\/uploads\/2026\/01\/Open_Graph.jpg","width":1200,"height":630,"caption":"QUMINEX"},"image":{"@id":"https:\/\/quminex.com\/#\/schema\/logo\/image\/"}}]}},"jetpack_sharing_enabled":true,"_links":{"self":[{"href":"https:\/\/quminex.com\/fr\/wp-json\/wp\/v2\/pages\/253","targetHints":{"allow":["GET"]}}],"collection":[{"href":"https:\/\/quminex.com\/fr\/wp-json\/wp\/v2\/pages"}],"about":[{"href":"https:\/\/quminex.com\/fr\/wp-json\/wp\/v2\/types\/page"}],"author":[{"embeddable":true,"href":"https:\/\/quminex.com\/fr\/wp-json\/wp\/v2\/users\/1"}],"replies":[{"embeddable":true,"href":"https:\/\/quminex.com\/fr\/wp-json\/wp\/v2\/comments?post=253"}],"version-history":[{"count":14,"href":"https:\/\/quminex.com\/fr\/wp-json\/wp\/v2\/pages\/253\/revisions"}],"predecessor-version":[{"id":905,"href":"https:\/\/quminex.com\/fr\/wp-json\/wp\/v2\/pages\/253\/revisions\/905"}],"wp:attachment":[{"href":"https:\/\/quminex.com\/fr\/wp-json\/wp\/v2\/media?parent=253"}],"curies":[{"name":"wp","href":"https:\/\/api.w.org\/{rel}","templated":true}]}}